{"id":10997,"date":"2026-01-30T20:27:37","date_gmt":"2026-01-30T20:27:37","guid":{"rendered":"https:\/\/bodylightbalance.com\/?page_id=10997"},"modified":"2026-01-30T20:47:51","modified_gmt":"2026-01-30T20:47:51","slug":"delivery-policy","status":"publish","type":"page","link":"https:\/\/bodylightbalance.com\/de\/delivery-policy\/","title":{"rendered":"Lieferung Politik"},"content":{"rendered":"<div data-elementor-type=\"wp-page\" data-elementor-id=\"10997\" class=\"elementor elementor-10997\">\n\t\t\t\t<div class=\"elementor-element elementor-element-c499a9d e-flex e-con-boxed e-con e-parent\" data-id=\"c499a9d\" data-element_type=\"container\" data-e-type=\"container\">\n\t\t\t\t\t<div class=\"e-con-inner\">\n\t\t\t\t<div class=\"elementor-element elementor-element-f66b7d3 elementor-widget elementor-widget-text-editor\" data-id=\"f66b7d3\" data-element_type=\"widget\" data-e-type=\"widget\" data-widget_type=\"text-editor.default\">\n\t\t\t\t\t\t\t\t\t<h3 data-path-to-node=\"2\">1) die Lieferung Abdeckung<\/h3>\n<p data-path-to-node=\"3\">Wir liefern in ganz Europa. Wir liefern in alle Regionen, einschlie\u00dflich remote-und Insel-Gebiete, zum Beispiel die Kanarischen Inseln. Bitte beachten Sie, dass die Lieferzeiten f\u00fcr solche Ziele kann l\u00e4nger wegen der Weiterleitung und Sortierung-center Besonderheiten.<\/p>\n<h3 data-path-to-node=\"4\">2) Lieferung Kosten<\/h3>\n<p data-path-to-node=\"5\">Lieferung innerhalb von Europa <b data-path-to-node=\"5\" data-index-in-node=\"26\">kostenlos<\/b> f\u00fcr alle Bestellungen an. Dies bedeutet, dass, wenn Sie Platz ein Auftrag, die Lieferung Kosten f\u00fcr den Kunden <b data-path-to-node=\"5\" data-index-in-node=\"126\">\u20ac0<\/b> (sofern nicht anders angegeben, die separat f\u00fcr einen bestimmten Werbeaktion oder-Bedingungen auf der Produkt-Seite).<\/p>\n<h3 data-path-to-node=\"6\">3) Auftrag Verarbeitung<\/h3>\n<p data-path-to-node=\"7\">Alle Auftr\u00e4ge sind verarbeitet innerhalb <b data-path-to-node=\"7\" data-index-in-node=\"32\">24 Stunden auf business Tage<\/b>. Verarbeitung beinhaltet:, um Best\u00e4tigung und \u00fcberpr\u00fcfung, Kommissionierung, Verpackung, Vorbereitung der Unterlagen und der \u00fcbergabe an den Zusteller.<\/p>\n<p data-path-to-node=\"8\"><b data-path-to-node=\"8\" data-index-in-node=\"0\">Bitte beachten Sie:<\/b> die Bearbeitungszeiten sind in Werktagen gez\u00e4hlt. Auf Wochenenden und \u00f6ffentlichen Feiertagen wird die Verarbeitung bewegt, um die n\u00e4chste business Tag.<\/p>\n<h3 data-path-to-node=\"9\">4) Tr\u00e4ger<\/h3>\n<p data-path-to-node=\"10\">Zu gew\u00e4hrleisten die Schnellste und meisten zuverl\u00e4ssige Lieferung, verwenden wir verschiedene Dienstleistungen f\u00fcr die Lieferung und w\u00e4hlen die Tr\u00e4ger je nach Zielort verf\u00fcgbaren Strecken und Logistik workload.<\/p>\n<p data-path-to-node=\"11\">Wir arbeiten mit nationalen Lieferdienste in verschiedenen L\u00e4ndern und internationale Unternehmen, darunter: <b data-path-to-node=\"11\" data-index-in-node=\"103\">UPS, DHL, DPD (Seur), Omniva, post, TNT und GLS<\/b>. Die spezifische Tr\u00e4ger kann variieren von Auftrag zu Auftrag \u2014 dies hilft uns dabei, die optimale Lieferzeiten und gleichbleibende Lieferqualit\u00e4t.<\/p>\n<h3 data-path-to-node=\"12\">5) Liefer-Fristen,<\/h3>\n<p data-path-to-node=\"13\">Lieferzeit innerhalb von Europa ist <b data-path-to-node=\"13\" data-index-in-node=\"41\">2-15 business Tage<\/b>. Es kann variieren je nach Zielland und Lieferbedingungen. Lieferung Zeit h\u00e4ngt auf:<\/p>\n<ul data-path-to-node=\"14\">\n<li>\n<p data-path-to-node=\"14,0,0\">Land und region.<\/p>\n<\/li>\n<li>\n<p data-path-to-node=\"14,1,0\">Wie weit Ihre Stadt\/Stadt ist von der regionalen Logistik-hub.<\/p>\n<\/li>\n<li>\n<p data-path-to-node=\"14,2,0\">Route Besonderheiten (insbesondere f\u00fcr Inseln und in abgelegenen Gebieten).<\/p>\n<\/li>\n<li>\n<p data-path-to-node=\"14,3,0\">Die Tr\u00e4ger der internen Laufzeiten auf die spezifische route.<\/p>\n<\/li>\n<\/ul>\n<p data-path-to-node=\"15\">Die Lieferung geht in der Regel \u00fcber mehrere Stufen: Bestellung (innerhalb von 24 Stunden auf business Tage), \u00fcbergabe an den Spediteur, Sortierung und Transport, Ankunft am regionalen hub, und schlie\u00dflich die Auslieferung an die Adresse des Empf\u00e4ngers.<\/p>\n<h3 data-path-to-node=\"16\">6) Versand tracking<\/h3>\n<p data-path-to-node=\"17\">In den meisten F\u00e4llen, nach Versand, wir bieten tracking-Nummer so k\u00f6nnen Sie monitor die Versand auf Tr\u00e4ger website. In seltenen F\u00e4llen, in denen tracking ist begrenzt aufgrund der lokalen Lieferung service die Besonderheiten, helfen wir Ihnen, kl\u00e4ren die Versand status auf Anfrage.<\/p>\n<p data-path-to-node=\"18\">Sie k\u00f6nnen Kontaktieren Sie uns per E-Mail: <b data-path-to-node=\"18\" data-index-in-node=\"29\">delivery@bodylightbalance.com<\/b>.<\/p>\n<h3 data-path-to-node=\"19\">7) Lieferung Adresse und die Bedingungen f\u00fcr die \u00fcbergabe<\/h3>\n<p data-path-to-node=\"20\">Die Lieferung erfolgt an die angegebene Adresse bei der Bestellung. Zu gew\u00e4hrleisten die Kurier k\u00f6nnen liefern ohne Verz\u00f6gerungen, geben Sie bitte die folgenden richtig:<\/p>\n<ul data-path-to-node=\"21\">\n<li>\n<p data-path-to-node=\"21,0,0\">Empf\u00e4ngers Vorname und Nachname.<\/p>\n<\/li>\n<li>\n<p data-path-to-node=\"21,1,0\">Telefon-Nummer (oft erforderlich, f\u00fcr Kurier-Lieferung).<\/p>\n<\/li>\n<li>\n<p data-path-to-node=\"21,2,0\">Die vollst\u00e4ndige Adresse, die Postleitzahl, die Stadt.<\/p>\n<\/li>\n<li>\n<p data-path-to-node=\"21,3,0\">Zus\u00e4tzliche Kommentare falls n\u00f6tig (intercom-code, Stock, Eingang, Anleitung).<\/p>\n<\/li>\n<\/ul>\n<p data-path-to-node=\"22\">Wenn der Kurier konnte nicht mit der hand \u00fcber das Paket (z.B. Sie waren nicht zu Hause), werden die n\u00e4chsten Schritte h\u00e4ngen von der Bef\u00f6rderer ist, die Regeln und k\u00f6nnen auch ein re-Versand, Lagerung in einem pickup point\/Zweig, oder planen Sie einen neuen Liefertermin.<\/p>\n<h3 data-path-to-node=\"23\">8) Sch\u00e4den, defekte, nicht-konforme Qualit\u00e4t: Austausch\/Ersatz<\/h3>\n<p data-path-to-node=\"24\">Wenn die Artikel angekommen in unbefriedigenden Zustand (z.B., fehlerhafte oder besch\u00e4digte) der Kunde hat das Recht, auf Antrag eine Ersatz innerhalb von <b data-path-to-node=\"24\" data-index-in-node=\"137\">14 Tage<\/b> ab dem Datum des Eingangs.<\/p>\n<p data-path-to-node=\"25\">Zu verlangen, eine Ersatz, bitte mailen Sie uns an <b data-path-to-node=\"25\" data-index-in-node=\"45\">info@bodylightbalance.com<\/b>. In der E-Mail, bitte:<\/p>\n<ul data-path-to-node=\"26\">\n<li>\n<p data-path-to-node=\"26,0,0\">Bestellnummer.<\/p>\n<\/li>\n<li>\n<p data-path-to-node=\"26,1,0\">Kurze Beschreibung des Problems.<\/p>\n<\/li>\n<li>\n<p data-path-to-node=\"26,2,0\">Wenn m\u00f6glich, Fotos\/videos, die Best\u00e4tigung der Zustand der Artikel und die Verpackung (das beschleunigt die Aufl\u00f6sung).<\/p>\n<\/li>\n<\/ul>\n<p data-path-to-node=\"27\">Nach Erhalt Ihrer Anfrage, werden wir die details abzukl\u00e4ren, schlagen Sie die n\u00e4chsten Schritte f\u00fcr Austausch\/Ersatz, und beraten Sie auf die beste Art und Weise zu arrangieren Versand, wenn n\u00f6tig.<\/p>\t\t\t\t\t\t\t\t<\/div>\n\t\t\t\t\t<\/div>\n\t\t\t\t<\/div>\n\t\t\t\t<\/div>","protected":false},"excerpt":{"rendered":"<p>1) Delivery coverage We deliver throughout Europe. We deliver to all regions, including remote and island areas, for example, the Canary Islands. Please note that delivery times to such destinations may be longer due to routing and sorting-center specifics. 2) Delivery cost Delivery within Europe is free for all orders. This means that when you [&hellip;]<\/p>\n","protected":false},"author":2,"featured_media":0,"parent":0,"menu_order":0,"comment_status":"closed","ping_status":"closed","template":"elementor_theme","meta":{"_acf_changed":false,"footnotes":""},"class_list":["post-10997","page","type-page","status-publish","hentry"],"acf":[],"_links":{"self":[{"href":"https:\/\/bodylightbalance.com\/de\/wp-json\/wp\/v2\/pages\/10997","targetHints":{"allow":["GET"]}}],"collection":[{"href":"https:\/\/bodylightbalance.com\/de\/wp-json\/wp\/v2\/pages"}],"about":[{"href":"https:\/\/bodylightbalance.com\/de\/wp-json\/wp\/v2\/types\/page"}],"author":[{"embeddable":true,"href":"https:\/\/bodylightbalance.com\/de\/wp-json\/wp\/v2\/users\/2"}],"replies":[{"embeddable":true,"href":"https:\/\/bodylightbalance.com\/de\/wp-json\/wp\/v2\/comments?post=10997"}],"version-history":[{"count":32,"href":"https:\/\/bodylightbalance.com\/de\/wp-json\/wp\/v2\/pages\/10997\/revisions"}],"predecessor-version":[{"id":11095,"href":"https:\/\/bodylightbalance.com\/de\/wp-json\/wp\/v2\/pages\/10997\/revisions\/11095"}],"wp:attachment":[{"href":"https:\/\/bodylightbalance.com\/de\/wp-json\/wp\/v2\/media?parent=10997"}],"curies":[{"name":"wp","href":"https:\/\/api.w.org\/{rel}","templated":true}]}}