{"id":10914,"date":"2026-01-16T18:09:48","date_gmt":"2026-01-16T18:09:48","guid":{"rendered":"https:\/\/bodylightbalance.com\/?post_type=product&#038;p=10914&#038;lang=en"},"modified":"2026-01-27T16:12:52","modified_gmt":"2026-01-27T16:12:52","slug":"less-appetite-more-burn-real-weight-control-every-day-2","status":"publish","type":"product","link":"https:\/\/bodylightbalance.com\/de\/shop\/uncategorized-en\/less-appetite-more-burn-real-weight-control-every-day-2\/","title":{"rendered":"Body Light Balance \u2013 3-pack"},"content":{"rendered":"<p>BodyLight-Balance Ziele in drei Schwerpunktbereichen: S\u00e4ttigung (glucomannan), Darm-mikrobiota (Probiotika) und Fett-brennen Unterst\u00fctzung (gr\u00fcner Tee mit EGCG, bittere orange mit Synephrin und L-Carnitin). Die Folge: weniger Hei\u00dfhunger, einfacher Teil Kontrolle und h\u00f6heren t\u00e4glichen Energieverbrauch\u2014keine \"Magie verspricht,\" nur funktionale, Labor-getestet Zutaten.<\/p>\n<p>Plus, Chrom tr\u00e4gt zur Unterst\u00fctzung Appetit zu kontrollieren und kann die F\u00f6rderung einer st\u00e4rkeren S\u00e4ttigungsgef\u00fchl durch Unterst\u00fctzung gesunde Blut Zucker balance.<\/p>\n<p><b>Wirkstoffe<\/b><\/p>\n<p>Glucomannan Knolle (Amorphophallus konjac Extrakt) \u2014 100 mg glucomannan<\/p>\n<p>\u2022 Bitter orange fruit extract (Citrus aurantium L., 10% Synephrin) \u2014 100 mg mit 10 mg Synephrin<\/p>\n<p>\u2022 L-Carnitin-L-Tartrat \u2014 50 mg<\/p>\n<p>\u2022 Garcinia cambogia fruit pericarp (Rinde) Extrakt 10:1 (60% hydroxycitric S\u00e4ure) \u2014 30 mg Extrakt, \u00e4quivalent zu 300 mg Garcinia cambogia (einschlie\u00dflich 18 mg Zitronens\u00e4ure)<\/p>\n<p>\u2022 Himbeer-Frucht-Extrakt 10:1 (Rubus idaeus) \u2014 25 mg Extrakt, \u00e4quivalent zu 250 mg Himbeere<\/p>\n<p>\u2022 Gr\u00fcner Tee Bl\u00e4tter Extrakt 10:1 (Camellia sinensis) \u2014 20 mg Extrakt, das entspricht 200 mg gr\u00fcner Tee (enth\u00e4lt 10 mg Polyphenole, 6 mg catechin, 3 mg EGCG, 1.6 mg Koffein)<\/p>\n<p>\u2022 Chrom (III) - Picolinat \u2014 100 \u00b5g Chrom<\/p>\n<p><b>Probiotika<\/b><\/p>\n<p>\u2022 Lactobacillus acidophilus \u2014 1 Milliarde KBE<\/p>\n<p>\u2022 Streptococcus thermophilus (ST81) \u2014 11,2 Millionen KBE<\/p>\n<p>\u2022 Lactobacillus salivarius (LS97) \u2014 15 Millionen KBE<\/p>\n<p>\u2022 Bifidobacterium bifidum (BBi32) \u2014 15 Millionen KBE<\/p>\n<p>\u2022 Lactobacillus rhamnosus (Lra05) \u2014 15 Millionen KBE<\/p>\n<p><b>Vitamine<\/b><\/p>\n<p>\u2022 Vitamin B3 (Nicotinamid) \u2014 18 mg<\/p>\n<p>\u2022 Vitamin B5 (calcium D-Pantothenat) \u2014 6 mg<\/p>\n<p>\u2022 Vitamin B6 (Pyridoxin-Hydrochlorid) \u2014 2 mg<\/p>\n<p>\u2022 Vitamin B1 (Thiamin-Hydrochlorid) \u2014 1.4 mg<\/p>\n<p>\u2022 Vitamin B2 (riboflavin) \u2014 1.6 mg<\/p>\n<p>\u2022 Fols\u00e4ure (vitamin B9) \u2014 200 \u00b5g<\/p>\n<p>\u2022 Biotin (vitamin B7\/H) \u2014 150 \u00b5g<\/p>\n<p>\u2022 Vitamin B12 (cyanocobalamin) \u2014 1 \u00b5g<\/p>","protected":false},"excerpt":{"rendered":"<p>BodyLight Balance targets three key areas: satiety (glucomannan), gut microbiota (probiotics), and fat-burn support (green tea with EGCG, bitter orange with synephrine, and L-carnitine). The result: fewer cravings, easier portion control, and higher daily energy expenditure\u2014no \u201cmagic promises,\u201d just functional, lab-tested ingredients. Plus, chromium helps support appetite control and may promote a stronger feeling of [&hellip;]<\/p>\n","protected":false},"featured_media":10734,"comment_status":"open","ping_status":"closed","template":"","meta":{"_acf_changed":false},"product_brand":[],"product_cat":[30],"product_tag":[],"class_list":{"0":"post-10914","1":"product","2":"type-product","3":"status-publish","4":"has-post-thumbnail","6":"product_cat-uncategorized-en","8":"first","9":"instock","10":"sale","11":"shipping-taxable","12":"purchasable","13":"product-type-simple"},"acf":[],"_links":{"self":[{"href":"https:\/\/bodylightbalance.com\/de\/wp-json\/wp\/v2\/product\/10914","targetHints":{"allow":["GET"]}}],"collection":[{"href":"https:\/\/bodylightbalance.com\/de\/wp-json\/wp\/v2\/product"}],"about":[{"href":"https:\/\/bodylightbalance.com\/de\/wp-json\/wp\/v2\/types\/product"}],"replies":[{"embeddable":true,"href":"https:\/\/bodylightbalance.com\/de\/wp-json\/wp\/v2\/comments?post=10914"}],"version-history":[{"count":2,"href":"https:\/\/bodylightbalance.com\/de\/wp-json\/wp\/v2\/product\/10914\/revisions"}],"predecessor-version":[{"id":10975,"href":"https:\/\/bodylightbalance.com\/de\/wp-json\/wp\/v2\/product\/10914\/revisions\/10975"}],"wp:featuredmedia":[{"embeddable":true,"href":"https:\/\/bodylightbalance.com\/de\/wp-json\/wp\/v2\/media\/10734"}],"wp:attachment":[{"href":"https:\/\/bodylightbalance.com\/de\/wp-json\/wp\/v2\/media?parent=10914"}],"wp:term":[{"taxonomy":"product_brand","embeddable":true,"href":"https:\/\/bodylightbalance.com\/de\/wp-json\/wp\/v2\/product_brand?post=10914"},{"taxonomy":"product_cat","embeddable":true,"href":"https:\/\/bodylightbalance.com\/de\/wp-json\/wp\/v2\/product_cat?post=10914"},{"taxonomy":"product_tag","embeddable":true,"href":"https:\/\/bodylightbalance.com\/de\/wp-json\/wp\/v2\/product_tag?post=10914"}],"curies":[{"name":"wp","href":"https:\/\/api.w.org\/{rel}","templated":true}]}}