{"id":10914,"date":"2026-01-16T18:09:48","date_gmt":"2026-01-16T18:09:48","guid":{"rendered":"https:\/\/bodylightbalance.com\/?post_type=product&#038;p=10914&#038;lang=en"},"modified":"2026-01-27T16:12:52","modified_gmt":"2026-01-27T16:12:52","slug":"less-appetite-more-burn-real-weight-control-every-day-2","status":"publish","type":"product","link":"https:\/\/bodylightbalance.com\/fr\/shop\/uncategorized-en\/less-appetite-more-burn-real-weight-control-every-day-2\/","title":{"rendered":"Body Light Balance &#8211; 3-pack"},"content":{"rendered":"<p>BodyLight Solde cible trois domaines cl\u00e9s: la sati\u00e9t\u00e9 (glucomannane), la flore intestinale (probiotiques), et de la graisse de br\u00fblure de soutien (EGCG du th\u00e9 vert, orange am\u00e8re avec la syn\u00e9phrine, et de la L-carnitine). Le r\u00e9sultat: moins de fringales, de faciliter le contr\u00f4le des portions, et de la hausse de la d\u00e9pense \u00e9nerg\u00e9tique quotidienne\u2014pas de \u201cmagie des promesses, des\u201d juste fonctionnelle, test\u00e9e en laboratoire ingr\u00e9dients.<\/p>\n<p>De Plus, le chrome aide \u00e0 soutenir le contr\u00f4le de l'app\u00e9tit et peut favoriser un plus grand sentiment de pl\u00e9nitude en soutenant sains de sucre dans le sang de l'\u00e9quilibre.<\/p>\n<p><b>Ingr\u00e9dients Actifs<\/b><\/p>\n<p>Le glucomannane tubercule (Amorphophallus konjac extrait) \u2014 100 mg de glucomannane<\/p>\n<p>\u2022 Orange am\u00e8re, extrait de fruit (Citrus aurantium L., 10% de syn\u00e9phrine) \u2014 100 mg, fournissant 10 mg de syn\u00e9phrine<\/p>\n<p>\u2022 La L-Carnitine L-Tartrate \u2014 50 mg<\/p>\n<p>\u2022 Extrait de Garcinia cambogia p\u00e9ricarpe (rind) extrait 10:1 (60% d'acide hydroxycitrique) \u2014 30 mg extrait, \u00e9quivalent \u00e0 300 mg de Garcinia cambogia (y compris la dose de 18 mg acide hydroxycitrique)<\/p>\n<p>\u2022 Framboise extrait de fruit de 10:1 (Rubus idaeus) \u2014 25 mg, extrait de \u00e9quivalant \u00e0 250 mg de framboise<\/p>\n<p>\u2022 Les feuilles de th\u00e9 vert extrait 10:1 (Camellia sinensis) \u2014 20 mg de l'extrait, \u00e9quivalent \u00e0 200 mg de th\u00e9 vert (contient 10 mg de polyph\u00e9nols, 6 mg de cat\u00e9chines, 3 mg de EGCG, 1,6 mg de caf\u00e9ine)<\/p>\n<p>\u2022 Chrome (III) picolinate \u2014 100 \u00b5g de chrome<\/p>\n<p><b>Les probiotiques<\/b><\/p>\n<p>\u2022 Lactobacillus acidophilus \u2014 1 milliard UFC<\/p>\n<p>\u2022 Streptococcus thermophilus (ST81) \u2014 11,2 millions UFC<\/p>\n<p>\u2022 Lactobacillus salivarius (LS97) \u2014 de 15 millions de UFC<\/p>\n<p>\u2022 Bifidobacterium bifidum (BBi32) \u2014 de 15 millions de UFC<\/p>\n<p>\u2022 Lactobacillus rhamnosus (Lra05) \u2014 de 15 millions de UFC<\/p>\n<p><b>Les vitamines<\/b><\/p>\n<p>\u2022 La vitamine B3 (nicotinamide) \u2014 18 mg<\/p>\n<p>\u2022 La vitamine B5 (D-pantoth\u00e9nate de calcium) \u2014 6 mg<\/p>\n<p>\u2022 La vitamine B6 (chlorhydrate de pyridoxine) \u2014 2 mg<\/p>\n<p>\u2022 La vitamine B1 (thiamine hydrochloride) \u2014 1,4 mg<\/p>\n<p>\u2022 La vitamine B2 (riboflavine) \u2014 1,6 mg<\/p>\n<p>\u2022 L'acide folique (vitamine B9) \u2014 200 \u00b5g<\/p>\n<p>\u2022 La biotine (vitamine B7\/H) \u2014 150 \u00b5g<\/p>\n<p>\u2022 La vitamine B12 (cyanocobalamine) \u2014 1 \u00b5g<\/p>","protected":false},"excerpt":{"rendered":"<p>BodyLight Balance targets three key areas: satiety (glucomannan), gut microbiota (probiotics), and fat-burn support (green tea with EGCG, bitter orange with synephrine, and L-carnitine). The result: fewer cravings, easier portion control, and higher daily energy expenditure\u2014no \u201cmagic promises,\u201d just functional, lab-tested ingredients. Plus, chromium helps support appetite control and may promote a stronger feeling of [&hellip;]<\/p>\n","protected":false},"featured_media":10734,"comment_status":"open","ping_status":"closed","template":"","meta":{"_acf_changed":false},"product_brand":[],"product_cat":[30],"product_tag":[],"class_list":{"0":"post-10914","1":"product","2":"type-product","3":"status-publish","4":"has-post-thumbnail","6":"product_cat-uncategorized-en","8":"first","9":"instock","10":"sale","11":"shipping-taxable","12":"purchasable","13":"product-type-simple"},"acf":[],"_links":{"self":[{"href":"https:\/\/bodylightbalance.com\/fr\/wp-json\/wp\/v2\/product\/10914","targetHints":{"allow":["GET"]}}],"collection":[{"href":"https:\/\/bodylightbalance.com\/fr\/wp-json\/wp\/v2\/product"}],"about":[{"href":"https:\/\/bodylightbalance.com\/fr\/wp-json\/wp\/v2\/types\/product"}],"replies":[{"embeddable":true,"href":"https:\/\/bodylightbalance.com\/fr\/wp-json\/wp\/v2\/comments?post=10914"}],"version-history":[{"count":2,"href":"https:\/\/bodylightbalance.com\/fr\/wp-json\/wp\/v2\/product\/10914\/revisions"}],"predecessor-version":[{"id":10975,"href":"https:\/\/bodylightbalance.com\/fr\/wp-json\/wp\/v2\/product\/10914\/revisions\/10975"}],"wp:featuredmedia":[{"embeddable":true,"href":"https:\/\/bodylightbalance.com\/fr\/wp-json\/wp\/v2\/media\/10734"}],"wp:attachment":[{"href":"https:\/\/bodylightbalance.com\/fr\/wp-json\/wp\/v2\/media?parent=10914"}],"wp:term":[{"taxonomy":"product_brand","embeddable":true,"href":"https:\/\/bodylightbalance.com\/fr\/wp-json\/wp\/v2\/product_brand?post=10914"},{"taxonomy":"product_cat","embeddable":true,"href":"https:\/\/bodylightbalance.com\/fr\/wp-json\/wp\/v2\/product_cat?post=10914"},{"taxonomy":"product_tag","embeddable":true,"href":"https:\/\/bodylightbalance.com\/fr\/wp-json\/wp\/v2\/product_tag?post=10914"}],"curies":[{"name":"wp","href":"https:\/\/api.w.org\/{rel}","templated":true}]}}